{"id":20,"date":"2019-02-17T15:48:24","date_gmt":"2019-02-17T14:48:24","guid":{"rendered":"http:\/\/bipspjaworznik.zarki.com.pl\/?page_id=20"},"modified":"2022-09-23T10:08:47","modified_gmt":"2022-09-23T08:08:47","slug":"witamy","status":"publish","type":"page","link":"https:\/\/bipspjaworznik.zarki.szkola.pl\/","title":{"rendered":"Witamy"},"content":{"rendered":"\n<p class=\"has-text-align-center\"><strong>Szko\u0142a Podstawowa im. Jana Paw\u0142a II w Jaworzniku<\/strong><\/p>\n\n\n\n<p class=\"has-text-align-center\">42-310 \u017bARKI<br>ul. SZKOLNA 35<br><\/p>\n\n\n\n<p class=\"has-text-align-center\">TEL.&nbsp;34 3148299<\/p>\n\n\n\n<p class=\"has-text-align-center\"> strona www: <a href=\"https:\/\/spjaworznik.edupage.org\/\" data-type=\"URL\" data-id=\"https:\/\/spjaworznik.edupage.org\/\">spjaworznik.edupage.org<\/a><br> e-mail: spjaworznik@op.pl <\/p>\n\n\n\n<p class=\"has-text-align-center\">NIP: 5771785467<\/p>\n\n\n\n<p class=\"has-text-align-center\">Regon: 001199682<\/p>\n\n\n\n<pre class=\"wp-block-preformatted\"><strong>Metryczka<\/strong><br>\u017br\u00f3d\u0142o informacji: Ma\u0142gorzata Musialik<br>Data utworzenia: 2019-02-17 15:48:24 <br>Wprowadzi\u0142 do systemu: <br>Data wprowadzenia: 2019-02-17 15:48:24 <br>Ostatnia zmiana: 2022-09-23 10:08:47<br>Ilo\u015b\u0107 wy\u015bwietle\u0144: 9&nbsp;162<\/pre>\n","protected":false},"excerpt":{"rendered":"<p>Szko\u0142a Podstawowa im. Jana Paw\u0142a II w Jaworzniku 42-310 \u017bARKIul. SZKOLNA 35 TEL.&nbsp;34 3148299 strona www: spjaworznik.edupage.org e-mail: spjaworznik@op.pl NIP: 5771785467 Regon: 001199682 Metryczka\u017br\u00f3d\u0142o informacji: Ma\u0142gorzata MusialikData utworzenia: Wprowadzi\u0142 do systemu: Data wprowadzenia: Ostatnia zmiana: Ilo\u015b\u0107 wy\u015bwietle\u0144:<\/p>\n","protected":false},"author":1,"featured_media":0,"parent":0,"menu_order":0,"comment_status":"closed","ping_status":"closed","template":"","meta":{"footnotes":""},"_links":{"self":[{"href":"https:\/\/bipspjaworznik.zarki.szkola.pl\/index.php\/wp-json\/wp\/v2\/pages\/20"}],"collection":[{"href":"https:\/\/bipspjaworznik.zarki.szkola.pl\/index.php\/wp-json\/wp\/v2\/pages"}],"about":[{"href":"https:\/\/bipspjaworznik.zarki.szkola.pl\/index.php\/wp-json\/wp\/v2\/types\/page"}],"author":[{"embeddable":true,"href":"https:\/\/bipspjaworznik.zarki.szkola.pl\/index.php\/wp-json\/wp\/v2\/users\/1"}],"replies":[{"embeddable":true,"href":"https:\/\/bipspjaworznik.zarki.szkola.pl\/index.php\/wp-json\/wp\/v2\/comments?post=20"}],"version-history":[{"count":3,"href":"https:\/\/bipspjaworznik.zarki.szkola.pl\/index.php\/wp-json\/wp\/v2\/pages\/20\/revisions"}],"predecessor-version":[{"id":80,"href":"https:\/\/bipspjaworznik.zarki.szkola.pl\/index.php\/wp-json\/wp\/v2\/pages\/20\/revisions\/80"}],"wp:attachment":[{"href":"https:\/\/bipspjaworznik.zarki.szkola.pl\/index.php\/wp-json\/wp\/v2\/media?parent=20"}],"curies":[{"name":"wp","href":"https:\/\/api.w.org\/{rel}","templated":true}]}}