{"id":37,"date":"2019-02-17T15:59:55","date_gmt":"2019-02-17T14:59:55","guid":{"rendered":"http:\/\/bipspjaworznik.zarki.com.pl\/?page_id=37"},"modified":"2019-02-17T15:59:55","modified_gmt":"2019-02-17T14:59:55","slug":"przedmiot-dzialalnosci-i-kompetencje","status":"publish","type":"page","link":"https:\/\/bipspjaworznik.zarki.szkola.pl\/index.php\/przedmiot-dzialalnosci-i-kompetencje\/","title":{"rendered":"Przedmiot dzia\u0142alno\u015bci i kompetencje"},"content":{"rendered":"\n<p><strong>Sposoby przyjmowania i za\u0142atwiania spraw<\/strong><\/p>\n\n\n\n<p>Dyrektor szko\u0142y \u2013 Ma\u0142gorzata Musialik<br>przyjmuje we wtorki godz. 12.00 \u2013 14.00<\/p>\n\n\n\n<p><strong>Kompetencje<\/strong><\/p>\n\n\n\n<ol><li>Organy Szko\u0142y Podstawowej im. Jana Paw\u0142a II w Jaworzniku:<\/li><\/ol>\n\n\n\n<ul><li>Dyrektor,<\/li><li>Rada Pedagogiczna,<\/li><li>Rada Rodzic\u00f3w,<\/li><li>Samorz\u0105d Uczniowski.<\/li><\/ul>\n\n\n\n<p>2. Kompetencje organ\u00f3w szko\u0142y okre\u015bla Statut Szko\u0142y Podstawowej im. Jana Paw\u0142a II w Jaworzniku.<br>3. Rada Pedagogiczna, Rada Rodzic\u00f3w oraz Samorz\u0105d Uczniowski dzia\u0142aj\u0105 na podstawie przyj\u0119tych regulamin\u00f3w:<\/p>\n\n\n\n<ul><li>Regulamin Rady Rodzic\u00f3w,<\/li><li>Regulamin Rady Pedagogicznej,<\/li><li>Regulamin Samorz\u0105du Uczniowskiego.<\/li><\/ul>\n\n\n\n<pre class=\"wp-block-preformatted\"><strong>Metryczka<\/strong><br>\u017br\u00f3d\u0142o informacji: Ma\u0142gorzata Musialik<br>Data utworzenia: 2019-02-17 15:59:55 <br>Wprowadzi\u0142 do systemu: <br>Data wprowadzenia: 2019-02-17 15:59:55 <br>Ostatnia zmiana: 2019-02-17 15:59:55<br>Ilo\u015b\u0107 wy\u015bwietle\u0144: 1&nbsp;242<\/pre>\n","protected":false},"excerpt":{"rendered":"<p>Sposoby przyjmowania i za\u0142atwiania spraw Dyrektor szko\u0142y \u2013 Ma\u0142gorzata Musialikprzyjmuje we wtorki godz. 12.00 \u2013 14.00 Kompetencje Organy Szko\u0142y Podstawowej im. Jana Paw\u0142a II w Jaworzniku: Dyrektor, Rada Pedagogiczna, Rada Rodzic\u00f3w, Samorz\u0105d Uczniowski. 2. Kompetencje organ\u00f3w szko\u0142y okre\u015bla Statut Szko\u0142y Podstawowej im. Jana Paw\u0142a II w Jaworzniku.3. Rada Pedagogiczna, Rada Rodzic\u00f3w oraz Samorz\u0105d Uczniowski dzia\u0142aj\u0105 &hellip; <a href=\"https:\/\/bipspjaworznik.zarki.szkola.pl\/index.php\/przedmiot-dzialalnosci-i-kompetencje\/\" class=\"more-link\">Czytaj dalej <span class=\"screen-reader-text\">Przedmiot dzia\u0142alno\u015bci i kompetencje<\/span><\/a><\/p>\n","protected":false},"author":1,"featured_media":0,"parent":0,"menu_order":0,"comment_status":"closed","ping_status":"closed","template":"","meta":{"footnotes":""},"_links":{"self":[{"href":"https:\/\/bipspjaworznik.zarki.szkola.pl\/index.php\/wp-json\/wp\/v2\/pages\/37"}],"collection":[{"href":"https:\/\/bipspjaworznik.zarki.szkola.pl\/index.php\/wp-json\/wp\/v2\/pages"}],"about":[{"href":"https:\/\/bipspjaworznik.zarki.szkola.pl\/index.php\/wp-json\/wp\/v2\/types\/page"}],"author":[{"embeddable":true,"href":"https:\/\/bipspjaworznik.zarki.szkola.pl\/index.php\/wp-json\/wp\/v2\/users\/1"}],"replies":[{"embeddable":true,"href":"https:\/\/bipspjaworznik.zarki.szkola.pl\/index.php\/wp-json\/wp\/v2\/comments?post=37"}],"version-history":[{"count":1,"href":"https:\/\/bipspjaworznik.zarki.szkola.pl\/index.php\/wp-json\/wp\/v2\/pages\/37\/revisions"}],"predecessor-version":[{"id":38,"href":"https:\/\/bipspjaworznik.zarki.szkola.pl\/index.php\/wp-json\/wp\/v2\/pages\/37\/revisions\/38"}],"wp:attachment":[{"href":"https:\/\/bipspjaworznik.zarki.szkola.pl\/index.php\/wp-json\/wp\/v2\/media?parent=37"}],"curies":[{"name":"wp","href":"https:\/\/api.w.org\/{rel}","templated":true}]}}