{"id":39,"date":"2019-02-17T16:01:11","date_gmt":"2019-02-17T15:01:11","guid":{"rendered":"http:\/\/bipspjaworznik.zarki.com.pl\/?page_id=39"},"modified":"2019-02-17T16:01:11","modified_gmt":"2019-02-17T15:01:11","slug":"struktura-wlasnosciowa-majatek","status":"publish","type":"page","link":"https:\/\/bipspjaworznik.zarki.szkola.pl\/index.php\/struktura-wlasnosciowa-majatek\/","title":{"rendered":"Struktura w\u0142asno\u015bciowa, maj\u0105tek"},"content":{"rendered":"\n<p>Szko\u0142a Podstawowa w Jaworzniku prowadzi gospodark\u0119 finansow\u0105<br> na zasadach jednostki bud\u017cetowej rozliczaj\u0105cej si\u0119 z bud\u017cetem M. i G.<br> \u017barki. Szko\u0142a dysponuje powierzon\u0105 w nieodp\u0142atny zarz\u0105d<br> nieruchomo\u015bci\u0105, stanowi\u0105c\u0105 w\u0142asno\u015b\u0107 komunaln\u0105 Gminy \u017barki.<\/p>\n\n\n\n<ul><li>Powierzchnia ca\u0142kowita dzia\u0142ki:<\/li><li>Powierzchnia dzia\u0142ki pod budynkiem:<\/li><li>Powierzchnia boiska:<\/li><li>Powierzchnia u\u017cytkowa podziemna:<\/li><li>Ilo\u015b\u0107 kondygnacji nadziemnych: 2<\/li><li>Ilo\u015b\u0107 kondygnacji podziemnych: 1<\/li><\/ul>\n\n\n\n<p>Szko\u0142a nie posiada osobowo\u015bci prawnej, a za jej zobowi\u0105zania odpowiada bud\u017cet Gminy \u017barki.<\/p>\n\n\n\n<pre class=\"wp-block-preformatted\"><strong>Metryczka<\/strong><br>\u017br\u00f3d\u0142o informacji: Ma\u0142gorzata Musialik<br>Data utworzenia: 2019-02-17 16:01:11 <br>Wprowadzi\u0142 do systemu: <br>Data wprowadzenia: 2019-02-17 16:01:11 <br>Ostatnia zmiana: 2019-02-17 16:01:11<br>Ilo\u015b\u0107 wy\u015bwietle\u0144: 1&nbsp;466<\/pre>\n","protected":false},"excerpt":{"rendered":"<p>Szko\u0142a Podstawowa w Jaworzniku prowadzi gospodark\u0119 finansow\u0105 na zasadach jednostki bud\u017cetowej rozliczaj\u0105cej si\u0119 z bud\u017cetem M. i G. \u017barki. Szko\u0142a dysponuje powierzon\u0105 w nieodp\u0142atny zarz\u0105d nieruchomo\u015bci\u0105, stanowi\u0105c\u0105 w\u0142asno\u015b\u0107 komunaln\u0105 Gminy \u017barki. Powierzchnia ca\u0142kowita dzia\u0142ki: Powierzchnia dzia\u0142ki pod budynkiem: Powierzchnia boiska: Powierzchnia u\u017cytkowa podziemna: Ilo\u015b\u0107 kondygnacji nadziemnych: 2 Ilo\u015b\u0107 kondygnacji podziemnych: 1 Szko\u0142a nie posiada osobowo\u015bci &hellip; <a href=\"https:\/\/bipspjaworznik.zarki.szkola.pl\/index.php\/struktura-wlasnosciowa-majatek\/\" class=\"more-link\">Czytaj dalej <span class=\"screen-reader-text\">Struktura w\u0142asno\u015bciowa, maj\u0105tek<\/span><\/a><\/p>\n","protected":false},"author":1,"featured_media":0,"parent":0,"menu_order":0,"comment_status":"closed","ping_status":"closed","template":"","meta":{"footnotes":""},"_links":{"self":[{"href":"https:\/\/bipspjaworznik.zarki.szkola.pl\/index.php\/wp-json\/wp\/v2\/pages\/39"}],"collection":[{"href":"https:\/\/bipspjaworznik.zarki.szkola.pl\/index.php\/wp-json\/wp\/v2\/pages"}],"about":[{"href":"https:\/\/bipspjaworznik.zarki.szkola.pl\/index.php\/wp-json\/wp\/v2\/types\/page"}],"author":[{"embeddable":true,"href":"https:\/\/bipspjaworznik.zarki.szkola.pl\/index.php\/wp-json\/wp\/v2\/users\/1"}],"replies":[{"embeddable":true,"href":"https:\/\/bipspjaworznik.zarki.szkola.pl\/index.php\/wp-json\/wp\/v2\/comments?post=39"}],"version-history":[{"count":1,"href":"https:\/\/bipspjaworznik.zarki.szkola.pl\/index.php\/wp-json\/wp\/v2\/pages\/39\/revisions"}],"predecessor-version":[{"id":40,"href":"https:\/\/bipspjaworznik.zarki.szkola.pl\/index.php\/wp-json\/wp\/v2\/pages\/39\/revisions\/40"}],"wp:attachment":[{"href":"https:\/\/bipspjaworznik.zarki.szkola.pl\/index.php\/wp-json\/wp\/v2\/media?parent=39"}],"curies":[{"name":"wp","href":"https:\/\/api.w.org\/{rel}","templated":true}]}}