{"id":41,"date":"2019-02-17T16:05:03","date_gmt":"2019-02-17T15:05:03","guid":{"rendered":"http:\/\/bipspjaworznik.zarki.com.pl\/?page_id=41"},"modified":"2021-12-13T14:33:45","modified_gmt":"2021-12-13T13:33:45","slug":"budzet","status":"publish","type":"page","link":"https:\/\/bipspjaworznik.zarki.szkola.pl\/index.php\/budzet\/","title":{"rendered":"Bud\u017cet"},"content":{"rendered":"\n<h2 class=\"wp-block-heading\">Projekt planu finansowego jednostki bud\u017cetowej na 2022 rok.<\/h2>\n\n\n\n<div class=\"wp-block-file\"><a href=\"https:\/\/bipspjaworznik.zarki.szkola.pl\/wp-content\/uploads\/2021\/12\/Projekt-planu-finansowego-jednostki-bud\u017cetowej-na-2022.pdf\">Projekt planu finansowego jednostki bud\u017cetowej na 2022<\/a><a href=\"https:\/\/bipspjaworznik.zarki.szkola.pl\/wp-content\/uploads\/2021\/12\/Projekt-planu-finansowego-jednostki-bud\u017cetowej-na-2022.pdf\" class=\"wp-block-file__button\" download>Pobierz<\/a><\/div>\n\n\n\n<hr class=\"wp-block-separator\"\/>\n\n\n\n<figure class=\"wp-block-image is-resized\"><a href=\"http:\/\/bipspjaworznik.zarki.com.pl\/wp-content\/uploads\/2020\/04\/001.jpg\"><img loading=\"lazy\" decoding=\"async\" src=\"http:\/\/bipspjaworznik.zarki.com.pl\/wp-content\/uploads\/2020\/04\/001-1024x745.jpg\" alt=\"\" class=\"wp-image-67\" width=\"621\" height=\"451\" srcset=\"https:\/\/bipspjaworznik.zarki.szkola.pl\/wp-content\/uploads\/2020\/04\/001-1024x745.jpg 1024w, https:\/\/bipspjaworznik.zarki.szkola.pl\/wp-content\/uploads\/2020\/04\/001-300x218.jpg 300w, https:\/\/bipspjaworznik.zarki.szkola.pl\/wp-content\/uploads\/2020\/04\/001-768x558.jpg 768w\" sizes=\"(max-width: 621px) 100vw, 621px\" \/><\/a><\/figure>\n\n\n\n<figure class=\"wp-block-image\"><a href=\"http:\/\/bipspjaworznik.zarki.com.pl\/wp-content\/uploads\/2020\/04\/002.jpg\"><img loading=\"lazy\" decoding=\"async\" width=\"1024\" height=\"745\" src=\"http:\/\/bipspjaworznik.zarki.com.pl\/wp-content\/uploads\/2020\/04\/002-1024x745.jpg\" alt=\"\" class=\"wp-image-68\" srcset=\"https:\/\/bipspjaworznik.zarki.szkola.pl\/wp-content\/uploads\/2020\/04\/002-1024x745.jpg 1024w, https:\/\/bipspjaworznik.zarki.szkola.pl\/wp-content\/uploads\/2020\/04\/002-300x218.jpg 300w, https:\/\/bipspjaworznik.zarki.szkola.pl\/wp-content\/uploads\/2020\/04\/002-768x558.jpg 768w\" sizes=\"(max-width: 1024px) 100vw, 1024px\" \/><\/a><\/figure>\n\n\n\n<figure class=\"wp-block-image\"><a href=\"http:\/\/bipspjaworznik.zarki.com.pl\/wp-content\/uploads\/2020\/04\/003.jpg\"><img loading=\"lazy\" decoding=\"async\" width=\"1024\" height=\"745\" src=\"http:\/\/bipspjaworznik.zarki.com.pl\/wp-content\/uploads\/2020\/04\/003-1024x745.jpg\" alt=\"\" class=\"wp-image-69\" srcset=\"https:\/\/bipspjaworznik.zarki.szkola.pl\/wp-content\/uploads\/2020\/04\/003-1024x745.jpg 1024w, https:\/\/bipspjaworznik.zarki.szkola.pl\/wp-content\/uploads\/2020\/04\/003-300x218.jpg 300w, https:\/\/bipspjaworznik.zarki.szkola.pl\/wp-content\/uploads\/2020\/04\/003-768x558.jpg 768w\" sizes=\"(max-width: 1024px) 100vw, 1024px\" \/><\/a><\/figure>\n\n\n\n<figure class=\"wp-block-image\"><a href=\"http:\/\/bipspjaworznik.zarki.com.pl\/wp-content\/uploads\/2020\/04\/004.jpg\"><img loading=\"lazy\" decoding=\"async\" width=\"1024\" height=\"745\" src=\"http:\/\/bipspjaworznik.zarki.com.pl\/wp-content\/uploads\/2020\/04\/004-1024x745.jpg\" alt=\"\" class=\"wp-image-70\" srcset=\"https:\/\/bipspjaworznik.zarki.szkola.pl\/wp-content\/uploads\/2020\/04\/004-1024x745.jpg 1024w, https:\/\/bipspjaworznik.zarki.szkola.pl\/wp-content\/uploads\/2020\/04\/004-300x218.jpg 300w, https:\/\/bipspjaworznik.zarki.szkola.pl\/wp-content\/uploads\/2020\/04\/004-768x558.jpg 768w\" sizes=\"(max-width: 1024px) 100vw, 1024px\" \/><\/a><\/figure>\n\n\n\n<figure class=\"wp-block-image\"><a href=\"http:\/\/bipspjaworznik.zarki.com.pl\/wp-content\/uploads\/2020\/04\/005.jpg\"><img loading=\"lazy\" decoding=\"async\" width=\"1024\" height=\"745\" src=\"http:\/\/bipspjaworznik.zarki.com.pl\/wp-content\/uploads\/2020\/04\/005-1024x745.jpg\" alt=\"\" class=\"wp-image-71\" srcset=\"https:\/\/bipspjaworznik.zarki.szkola.pl\/wp-content\/uploads\/2020\/04\/005-1024x745.jpg 1024w, https:\/\/bipspjaworznik.zarki.szkola.pl\/wp-content\/uploads\/2020\/04\/005-300x218.jpg 300w, https:\/\/bipspjaworznik.zarki.szkola.pl\/wp-content\/uploads\/2020\/04\/005-768x558.jpg 768w\" sizes=\"(max-width: 1024px) 100vw, 1024px\" \/><\/a><\/figure>\n\n\n\n<figure class=\"wp-block-image\"><a href=\"http:\/\/bipspjaworznik.zarki.com.pl\/wp-content\/uploads\/2020\/04\/006.jpg\"><img loading=\"lazy\" decoding=\"async\" width=\"1024\" height=\"745\" src=\"http:\/\/bipspjaworznik.zarki.com.pl\/wp-content\/uploads\/2020\/04\/006-1024x745.jpg\" alt=\"\" class=\"wp-image-72\" srcset=\"https:\/\/bipspjaworznik.zarki.szkola.pl\/wp-content\/uploads\/2020\/04\/006-1024x745.jpg 1024w, https:\/\/bipspjaworznik.zarki.szkola.pl\/wp-content\/uploads\/2020\/04\/006-300x218.jpg 300w, https:\/\/bipspjaworznik.zarki.szkola.pl\/wp-content\/uploads\/2020\/04\/006-768x558.jpg 768w\" sizes=\"(max-width: 1024px) 100vw, 1024px\" \/><\/a><\/figure>\n\n\n\n<pre class=\"wp-block-preformatted\"><strong>Metryczka<\/strong><br>\u017br\u00f3d\u0142o informacji: Ma\u0142gorzata Musialik<br>Data utworzenia: 2019-02-17 16:05:03 <br>Wprowadzi\u0142 do systemu: <br>Data wprowadzenia: 2019-02-17 16:05:03 <br>Ostatnia zmiana: 2021-12-13 14:33:45<br>Ilo\u015b\u0107 wy\u015bwietle\u0144: 1&nbsp;917<\/pre>\n","protected":false},"excerpt":{"rendered":"<p>Projekt planu finansowego jednostki bud\u017cetowej na 2022 rok. Metryczka\u017br\u00f3d\u0142o informacji: Ma\u0142gorzata MusialikData utworzenia: Wprowadzi\u0142 do systemu: Data wprowadzenia: Ostatnia zmiana: Ilo\u015b\u0107 wy\u015bwietle\u0144:<\/p>\n","protected":false},"author":1,"featured_media":0,"parent":0,"menu_order":0,"comment_status":"closed","ping_status":"closed","template":"","meta":{"footnotes":""},"_links":{"self":[{"href":"https:\/\/bipspjaworznik.zarki.szkola.pl\/index.php\/wp-json\/wp\/v2\/pages\/41"}],"collection":[{"href":"https:\/\/bipspjaworznik.zarki.szkola.pl\/index.php\/wp-json\/wp\/v2\/pages"}],"about":[{"href":"https:\/\/bipspjaworznik.zarki.szkola.pl\/index.php\/wp-json\/wp\/v2\/types\/page"}],"author":[{"embeddable":true,"href":"https:\/\/bipspjaworznik.zarki.szkola.pl\/index.php\/wp-json\/wp\/v2\/users\/1"}],"replies":[{"embeddable":true,"href":"https:\/\/bipspjaworznik.zarki.szkola.pl\/index.php\/wp-json\/wp\/v2\/comments?post=41"}],"version-history":[{"count":4,"href":"https:\/\/bipspjaworznik.zarki.szkola.pl\/index.php\/wp-json\/wp\/v2\/pages\/41\/revisions"}],"predecessor-version":[{"id":77,"href":"https:\/\/bipspjaworznik.zarki.szkola.pl\/index.php\/wp-json\/wp\/v2\/pages\/41\/revisions\/77"}],"wp:attachment":[{"href":"https:\/\/bipspjaworznik.zarki.szkola.pl\/index.php\/wp-json\/wp\/v2\/media?parent=41"}],"curies":[{"name":"wp","href":"https:\/\/api.w.org\/{rel}","templated":true}]}}