{"id":46,"date":"2019-02-17T16:07:04","date_gmt":"2019-02-17T15:07:04","guid":{"rendered":"http:\/\/bipspjaworznik.zarki.com.pl\/?page_id=46"},"modified":"2019-02-17T16:07:04","modified_gmt":"2019-02-17T15:07:04","slug":"dyrekcja","status":"publish","type":"page","link":"https:\/\/bipspjaworznik.zarki.szkola.pl\/index.php\/dyrekcja\/","title":{"rendered":"Dyrekcja"},"content":{"rendered":"\n<p><strong>Dyrektor:<br><\/strong>mgr Ma\u0142gorzata Musialik<br>tel. 34 3148299<br>email:\u00a0spjaworznik@op.pl<\/p>\n\n\n\n<pre class=\"wp-block-preformatted\"><strong>Metryczka<\/strong><br>\u017br\u00f3d\u0142o informacji: Ma\u0142gorzata Musialik<br>Data utworzenia: 2019-02-17 16:07:04 <br>Wprowadzi\u0142 do systemu: <br>Data wprowadzenia: 2019-02-17 16:07:04 <br>Ostatnia zmiana: 2019-02-17 16:07:04<br>Ilo\u015b\u0107 wy\u015bwietle\u0144: 1&nbsp;384<\/pre>\n","protected":false},"excerpt":{"rendered":"<p>Dyrektor:mgr Ma\u0142gorzata Musialiktel. 34 3148299email:\u00a0spjaworznik@op.pl Metryczka\u017br\u00f3d\u0142o informacji: Ma\u0142gorzata MusialikData utworzenia: Wprowadzi\u0142 do systemu: Data wprowadzenia: Ostatnia zmiana: Ilo\u015b\u0107 wy\u015bwietle\u0144:<\/p>\n","protected":false},"author":1,"featured_media":0,"parent":0,"menu_order":0,"comment_status":"closed","ping_status":"closed","template":"","meta":{"footnotes":""},"_links":{"self":[{"href":"https:\/\/bipspjaworznik.zarki.szkola.pl\/index.php\/wp-json\/wp\/v2\/pages\/46"}],"collection":[{"href":"https:\/\/bipspjaworznik.zarki.szkola.pl\/index.php\/wp-json\/wp\/v2\/pages"}],"about":[{"href":"https:\/\/bipspjaworznik.zarki.szkola.pl\/index.php\/wp-json\/wp\/v2\/types\/page"}],"author":[{"embeddable":true,"href":"https:\/\/bipspjaworznik.zarki.szkola.pl\/index.php\/wp-json\/wp\/v2\/users\/1"}],"replies":[{"embeddable":true,"href":"https:\/\/bipspjaworznik.zarki.szkola.pl\/index.php\/wp-json\/wp\/v2\/comments?post=46"}],"version-history":[{"count":1,"href":"https:\/\/bipspjaworznik.zarki.szkola.pl\/index.php\/wp-json\/wp\/v2\/pages\/46\/revisions"}],"predecessor-version":[{"id":47,"href":"https:\/\/bipspjaworznik.zarki.szkola.pl\/index.php\/wp-json\/wp\/v2\/pages\/46\/revisions\/47"}],"wp:attachment":[{"href":"https:\/\/bipspjaworznik.zarki.szkola.pl\/index.php\/wp-json\/wp\/v2\/media?parent=46"}],"curies":[{"name":"wp","href":"https:\/\/api.w.org\/{rel}","templated":true}]}}