{"id":59,"date":"2019-02-17T16:12:05","date_gmt":"2019-02-17T15:12:05","guid":{"rendered":"http:\/\/bipspjaworznik.zarki.com.pl\/?page_id=59"},"modified":"2019-02-17T16:12:05","modified_gmt":"2019-02-17T15:12:05","slug":"rodo","status":"publish","type":"page","link":"https:\/\/bipspjaworznik.zarki.szkola.pl\/index.php\/rodo\/","title":{"rendered":"RODO"},"content":{"rendered":"\n<p style=\"text-align:center\"><strong>KLAUZULA INFORMACYJNA<br>o przetwarzaniu danych osobowych<\/strong><\/p>\n\n\n\n<p>Zgodnie z Rozporz\u0105dzeniem Parlamentu Europejskiego i Rady (UE) 2016\/679 z dnia 27 kwiecie\u0144 2016r. w sprawie ochrony os\u00f3b fizycznych w\u00a0zwi\u0105zku z\u00a0przetwarzaniem danych osobowych oraz Ustaw\u0105 z dnia 10 maja 2018r. o\u00a0ochronie danych osobowych (Dz.U 1000 z 2018r.) Informujemy, \u017ce:<\/p>\n\n\n\n<ol><li>Administratorem Danych Osobowych jest: Szko\u0142a Podstawowa im. Jana Paw\u0142a II w Jaworzniku z siedzib\u0105: 42-310 \u017barki, Jaworznik, ul. Szkolna 35; NIP: 5771785467 reprezentowanym przez Dyrektora Szko\u0142y<\/li><li>Dane osobowe osoby (dziecka czy rodzica\/opiekuna) przetwarzane b\u0119d\u0105 w\u00a0celu realizacji statutowych zada\u0144 szko\u0142y.<\/li><li>Dane s\u0105 udost\u0119pnione jedynie podmiotom \u015bci\u015ble wsp\u00f3\u0142pracuj\u0105cym ze szko\u0142\u0105 (s\u0142u\u017cby prawne, informatyczne i inspektor danych osobowych) oraz organom pa\u0144stwowym na mocy odr\u0119bnych ustaw (s\u0105d, prokuratura, policja).<\/li><li>Dane nie s\u0105 profilowane ani przekazywane za granice.<\/li><li>Posiada Pani\/ Pan prawo dost\u0119pu do tre\u015bci danych oraz prawo ich sprostowania, usuni\u0119cia, ograniczenia przetwarzania, prawo do przenoszenia danych, prawo wniesienia sprzeciwu, prawo do cofni\u0119cia zgody na\u00a0przetwarzanie w dowolnym momencie bez wp\u0142ywu na zgodno\u015b\u0107 z prawem przetwarzania, kt\u00f3rego dokonano na podstawie zgody wyra\u017conej przed jej cofni\u0119ciem.<\/li><li>Pe\u0142ne informacje na temat Pani\/Pana danych osobowych oraz przys\u0142uguj\u0105cych Pani\/Panu praw udzielane s\u0105 w siedzibie Szko\u0142y, mo\u017cna o nie pyta\u0107 osobi\u015bcie, listownie lub mailowo na adres szko\u0142y: spjaworznik@op.pl lub adres Inspektora Ochrony Danych: iod@gimpmyszkow.pl.<\/li><li>Przys\u0142uguje Pani\/Panu prawo skargi do organu nadzorczego, tj: Prezesa Urz\u0119du Ochrony Danych Osobowych.<\/li><\/ol>\n\n\n\n<pre class=\"wp-block-preformatted\"><strong>Metryczka<\/strong><br>\u017br\u00f3d\u0142o informacji: Ma\u0142gorzata Musialik<br>Data utworzenia: 2019-02-17 16:12:05 <br>Wprowadzi\u0142 do systemu: <br>Data wprowadzenia: 2019-02-17 16:12:05 <br>Ostatnia zmiana: 2019-02-17 16:12:05<br>Ilo\u015b\u0107 wy\u015bwietle\u0144: 1&nbsp;379<\/pre>\n","protected":false},"excerpt":{"rendered":"<p>KLAUZULA INFORMACYJNAo przetwarzaniu danych osobowych Zgodnie z Rozporz\u0105dzeniem Parlamentu Europejskiego i Rady (UE) 2016\/679 z dnia 27 kwiecie\u0144 2016r. w sprawie ochrony os\u00f3b fizycznych w\u00a0zwi\u0105zku z\u00a0przetwarzaniem danych osobowych oraz Ustaw\u0105 z dnia 10 maja 2018r. o\u00a0ochronie danych osobowych (Dz.U 1000 z 2018r.) Informujemy, \u017ce: Administratorem Danych Osobowych jest: Szko\u0142a Podstawowa im. Jana Paw\u0142a II w &hellip; <a href=\"https:\/\/bipspjaworznik.zarki.szkola.pl\/index.php\/rodo\/\" class=\"more-link\">Czytaj dalej <span class=\"screen-reader-text\">RODO<\/span><\/a><\/p>\n","protected":false},"author":1,"featured_media":0,"parent":0,"menu_order":0,"comment_status":"closed","ping_status":"closed","template":"","meta":{"footnotes":""},"_links":{"self":[{"href":"https:\/\/bipspjaworznik.zarki.szkola.pl\/index.php\/wp-json\/wp\/v2\/pages\/59"}],"collection":[{"href":"https:\/\/bipspjaworznik.zarki.szkola.pl\/index.php\/wp-json\/wp\/v2\/pages"}],"about":[{"href":"https:\/\/bipspjaworznik.zarki.szkola.pl\/index.php\/wp-json\/wp\/v2\/types\/page"}],"author":[{"embeddable":true,"href":"https:\/\/bipspjaworznik.zarki.szkola.pl\/index.php\/wp-json\/wp\/v2\/users\/1"}],"replies":[{"embeddable":true,"href":"https:\/\/bipspjaworznik.zarki.szkola.pl\/index.php\/wp-json\/wp\/v2\/comments?post=59"}],"version-history":[{"count":2,"href":"https:\/\/bipspjaworznik.zarki.szkola.pl\/index.php\/wp-json\/wp\/v2\/pages\/59\/revisions"}],"predecessor-version":[{"id":61,"href":"https:\/\/bipspjaworznik.zarki.szkola.pl\/index.php\/wp-json\/wp\/v2\/pages\/59\/revisions\/61"}],"wp:attachment":[{"href":"https:\/\/bipspjaworznik.zarki.szkola.pl\/index.php\/wp-json\/wp\/v2\/media?parent=59"}],"curies":[{"name":"wp","href":"https:\/\/api.w.org\/{rel}","templated":true}]}}